{"id":17,"date":"2021-08-07T09:37:11","date_gmt":"2021-08-07T07:37:11","guid":{"rendered":"https:\/\/new.fsprogramming.de\/?page_id=17"},"modified":"2022-03-22T20:51:24","modified_gmt":"2022-03-22T19:51:24","slug":"contact","status":"publish","type":"page","link":"https:\/\/fsprogramming.de\/?page_id=17","title":{"rendered":"Kontakt"},"content":{"rendered":"\n<div class=\"wp-block-cover alignfull\" style=\"min-height:300px;aspect-ratio:unset;\"><span aria-hidden=\"true\" class=\"has-nv-site-bg-background-color has-background-dim-100 wp-block-cover__gradient-background has-background-dim\"><\/span><div class=\"wp-block-cover__inner-container is-layout-flow wp-block-cover-is-layout-flow\">\n<div class=\"wp-block-group\"><div class=\"wp-block-group__inner-container is-layout-flow wp-block-group-is-layout-flow\">\n<div class=\"wp-block-cover alignfull is-light\" style=\"min-height:700px;aspect-ratio:unset;\"><span aria-hidden=\"true\" class=\"has-background-dim-0 wp-block-cover__gradient-background has-background-dim\"><\/span><img loading=\"lazy\" decoding=\"async\" width=\"2560\" height=\"1440\" class=\"wp-block-cover__image-background wp-image-42\" alt=\"\" src=\"https:\/\/new.fsprogramming.de\/wp-content\/uploads\/2021\/08\/banner.png\" style=\"object-position:48% 17%\" data-object-fit=\"cover\" data-object-position=\"48% 17%\" srcset=\"https:\/\/fsprogramming.de\/wp-content\/uploads\/2021\/08\/banner.png 2560w, https:\/\/fsprogramming.de\/wp-content\/uploads\/2021\/08\/banner-300x169.png 300w, https:\/\/fsprogramming.de\/wp-content\/uploads\/2021\/08\/banner-1024x576.png 1024w, https:\/\/fsprogramming.de\/wp-content\/uploads\/2021\/08\/banner-768x432.png 768w, https:\/\/fsprogramming.de\/wp-content\/uploads\/2021\/08\/banner-1536x864.png 1536w, https:\/\/fsprogramming.de\/wp-content\/uploads\/2021\/08\/banner-2048x1152.png 2048w\" sizes=\"auto, (max-width: 2560px) 100vw, 2560px\" \/><div class=\"wp-block-cover__inner-container is-layout-flow wp-block-cover-is-layout-flow\">\n<div class=\"wp-block-buttons is-horizontal is-content-justification-center is-layout-flex wp-container-core-buttons-is-layout-499968f5 wp-block-buttons-is-layout-flex\"><\/div>\n\n\n\n<div style=\"height:80px\" aria-hidden=\"true\" class=\"wp-block-spacer\"><\/div>\n\n\n\n<div style=\"height:80px\" aria-hidden=\"true\" class=\"wp-block-spacer\"><\/div>\n<\/div><\/div>\n\n\n\n<h2 class=\"has-text-align-center has-neve-link-color-color has-text-color wp-block-heading\">Kontakt<\/h2>\n\n\n\n<p class=\"has-neve-link-color-color has-text-color\">Nehmen Sie \u00fcber einen der unten genannten Wege Kontakt mit uns auf. <\/p>\n\n\n\n<p class=\"has-neve-link-color-color has-text-color\">Bitte beachten Sie, dass wir&nbsp;<strong>keine<\/strong>&nbsp;festen Supportzeiten haben. <br>Wir garantieren Ihnen jedoch eine Antwortzeit von max. 48 Stunden auf E-Mails und Ticketsystem.<\/p>\n\n\n\n<p class=\"has-neve-link-color-color has-text-color\">Bitte beachten Sie auch, dass f\u00fcr Interessenten unserer FS-LST, rein die Kontakt-M\u00f6glichkeit Discord zur Verf\u00fcgung steht. <br>Anfragen per Telefon oder E-Mail werden nicht beantwortet. <\/p>\n<\/div><\/div>\n\n\n\n<p><\/p>\n<\/div><\/div>\n\n\n\n<div class=\"wp-block-columns has-nv-site-bg-color has-text-color has-background is-layout-flex wp-container-core-columns-is-layout-9d6595d7 wp-block-columns-is-layout-flex\" style=\"background-color:#223388\">\n<div class=\"wp-block-column is-layout-flow wp-block-column-is-layout-flow\">\n<div style=\"height:24px\" aria-hidden=\"true\" class=\"wp-block-spacer\"><\/div>\n\n\n\n<center><i class=\"fas fa-phone\" style=\"font-size: 60px;\"><\/i><\/center><br>\n\n\n\n<h3 class=\"has-text-align-center has-nv-site-bg-color has-text-color wp-block-heading\">Telefon<\/h3>\n\n\n\n<p class=\"has-text-align-center has-nv-site-bg-color has-text-color\"> <strong>NUR <\/strong>f\u00fcr Interessenten und Kunden der IT-Dienstleistungen<\/p>\n\n\n\n<p class=\"has-text-align-center has-neve-link-hover-color-color has-text-color\" style=\"font-size:15px\">+49 2446 8099603<\/p>\n\n\n\n<p class=\"has-text-align-center has-small-font-size\"><em>Mo-Fr: 18:00 Uhr &#8211; 21:00 Uhr  und Sa 09:00 Uhr &#8211; 21:00 Uhr <\/em><br><em>oder unter der Ihnen bekannten Handynummer<\/em><\/p>\n\n\n\n<div style=\"height:24px\" aria-hidden=\"true\" class=\"wp-block-spacer\"><\/div>\n<\/div>\n\n\n\n<div class=\"wp-block-column is-layout-flow wp-block-column-is-layout-flow\">\n<div style=\"height:24px\" aria-hidden=\"true\" class=\"wp-block-spacer\"><\/div>\n\n\n\n<center><i class=\"fas fa-at\" style=\"font-size: 60px;\"><\/i><\/center><br>\n\n\n\n<h3 class=\"has-text-align-center has-nv-site-bg-color has-text-color wp-block-heading\">E-Mail<\/h3>\n\n\n\n<p class=\"has-text-align-center has-nv-site-bg-color has-text-color\">F\u00fcr Interessenten und Kunden von FSProgramming<\/p>\n\n\n\n<p class=\"has-text-align-center has-neve-link-hover-color-color has-text-color\" style=\"font-size:15px\">info@fsprogramming.de<\/p>\n\n\n\n<p class=\"has-text-align-center has-small-font-size\">Erreichbar 24\/7 &#8211; Maximale Antwortzeit 48 Stunden nach Eingang der E-Mail.<\/p>\n\n\n\n<div style=\"height:24px\" aria-hidden=\"true\" class=\"wp-block-spacer\"><\/div>\n<\/div>\n\n\n\n<div class=\"wp-block-column is-layout-flow wp-block-column-is-layout-flow\">\n<div style=\"height:24px\" aria-hidden=\"true\" class=\"wp-block-spacer\"><\/div>\n\n\n\n<center><i class=\"fab fa-discord\" style=\"font-size: 60px;\"><\/i><\/center><br>\n\n\n\n<h3 class=\"has-text-align-center has-nv-site-bg-color has-text-color wp-block-heading\">Discord<\/h3>\n\n\n\n<p class=\"has-text-align-center has-nv-site-bg-color has-text-color\">F\u00fcr Interessenten und Nutzer der FS-LST<\/p>\n\n\n\n<p class=\"has-text-align-center has-neve-link-hover-color-color has-text-color\" style=\"font-size:15px\">http:\/\/discord.fsprogramming.de<\/p>\n\n\n\n<div style=\"height:24px\" aria-hidden=\"true\" class=\"wp-block-spacer\"><\/div>\n<\/div>\n<\/div>\n\n\n\n<h2 class=\"has-text-align-center wp-block-heading\">Fernwartung<\/h2>\n\n\n\n<ul class=\"fernwartung\">\n  <li>\n    <a href=\"https:\/\/fsprogramming.de\/download\/fernwartung\/FSProgramming_Remote.msi\"><div class=\"download android\">\n      <i class=\"fa fa fa-windows fa-3x\"><\/i>\n      <span class=\"df\">Download f\u00fcr<\/span>\n      <span class=\"dfn\">Windows<\/span>\n    <\/div><\/a>\n  <\/lI>\n  <li>\n    <a href=\"https:\/\/fsprogramming.de\/download\/fernwartung\/FSProgramming_Remote.dmg\"><div class=\"download apple\">\n      <i class=\"fa fa fa-apple fa-3x\"><\/i>\n      <span class=\"df\">Download f\u00fcr<\/span>\n      <span class=\"dfn\">MacOS<\/span>\n    <\/div><\/a>\n  <\/li>\n  <li>\n    <a href=\"https:\/\/fsprogramming.de\/download\/fernwartung\/FSProgramming_Remote.tar.gz\"><div class=\"download windows\">\n      <i class=\"fa fa fa-linux fa-3x\"><\/i>\n      <span class=\"df\">Download f\u00fcr<\/span>\n      <span class=\"dfn\">Linux<\/span>\n    <\/div><\/a>\n  <\/li>\n<\/ul>\n","protected":false},"excerpt":{"rendered":"<p>Telefon NUR f\u00fcr Interessenten und Kunden der IT-Dienstleistungen +49 2446 8099603 Mo-Fr: 18:00 Uhr &#8211; 21:00 Uhr und Sa 09:00 Uhr &#8211; 21:00 Uhr oder unter der Ihnen bekannten Handynummer E-Mail F\u00fcr Interessenten und Kunden von FSProgramming info@fsprogramming.de Erreichbar 24\/7 &#8211; Maximale Antwortzeit 48 Stunden nach Eingang der E-Mail. Discord F\u00fcr Interessenten und Nutzer der&hellip;&nbsp;<a href=\"https:\/\/fsprogramming.de\/?page_id=17\" class=\"\" rel=\"bookmark\">Weiterlesen &raquo;<span class=\"screen-reader-text\">Kontakt<\/span><\/a><\/p>\n","protected":false},"author":1,"featured_media":0,"parent":0,"menu_order":0,"comment_status":"closed","ping_status":"closed","template":"","meta":{"neve_meta_sidebar":"","neve_meta_container":"","neve_meta_enable_content_width":"on","neve_meta_content_width":100,"neve_meta_title_alignment":"center","neve_meta_author_avatar":"","neve_post_elements_order":"","neve_meta_disable_header":"","neve_meta_disable_footer":"","neve_meta_disable_title":"on","footnotes":""},"class_list":["post-17","page","type-page","status-publish","hentry"],"_links":{"self":[{"href":"https:\/\/fsprogramming.de\/index.php?rest_route=\/wp\/v2\/pages\/17","targetHints":{"allow":["GET"]}}],"collection":[{"href":"https:\/\/fsprogramming.de\/index.php?rest_route=\/wp\/v2\/pages"}],"about":[{"href":"https:\/\/fsprogramming.de\/index.php?rest_route=\/wp\/v2\/types\/page"}],"author":[{"embeddable":true,"href":"https:\/\/fsprogramming.de\/index.php?rest_route=\/wp\/v2\/users\/1"}],"replies":[{"embeddable":true,"href":"https:\/\/fsprogramming.de\/index.php?rest_route=%2Fwp%2Fv2%2Fcomments&post=17"}],"version-history":[{"count":33,"href":"https:\/\/fsprogramming.de\/index.php?rest_route=\/wp\/v2\/pages\/17\/revisions"}],"predecessor-version":[{"id":340,"href":"https:\/\/fsprogramming.de\/index.php?rest_route=\/wp\/v2\/pages\/17\/revisions\/340"}],"wp:attachment":[{"href":"https:\/\/fsprogramming.de\/index.php?rest_route=%2Fwp%2Fv2%2Fmedia&parent=17"}],"curies":[{"name":"wp","href":"https:\/\/api.w.org\/{rel}","templated":true}]}}